{"id":143,"date":"2019-07-17T23:50:42","date_gmt":"2019-07-17T21:50:42","guid":{"rendered":"https:\/\/rpindustrieservice.com\/?page_id=143"},"modified":"2022-11-02T11:08:25","modified_gmt":"2022-11-02T10:08:25","slug":"technische-dienstleistungen","status":"publish","type":"page","link":"https:\/\/www.agnussro.eu\/de\/technische-dienstleistungen\/","title":{"rendered":"Mechanische Dienstleistungen"},"content":{"rendered":"\n<p>Unser Unternehmen besch\u00e4ftigt sich mit Montage, Demontage und \u00c4nderung verschiedener Produktionslinien in verschiedenen Industriebereichen. Ebenso realisieren wir planm\u00e4\u00dfig Arbeiten auf dem Gebiet der Lufttechnik und Montage von Stahlkonstruktionen. Jeder unser Mechaniker ist ein Spezialist auf dem Gebiet der Schlosserei und das ist auch ein Grund, warum wir es schaffen, alle aufgegebenen Kundenanliegen immer zuverl\u00e4ssig zu erf\u00fcllen.<\/p>\n\n\n\n<ul class=\"wp-block-list\"><li>Mechanische Industriemontage<\/li><li>Stahlbauarbeiten<\/li><li>Klima und L\u00fcftungsbau<\/li><li>Installation von Hydraulik- und Pneumatiksystemen<\/li><li>Rohrleitungsbau<\/li><li>Schwei\u00dfarbeiten<\/li><li>Arbeiten in gro\u00dfen H\u00f6hen, Industriekletterarbeiten<\/li><li>S\u00e4mtliche Isolierarbeiten an Rohrsystemen jeglicher Art<\/li><li>Schwei\u00dfarbeite MIG\/MAG, TIG a MMA<\/li><\/ul>\n\n\n\n<figure class=\"wp-block-gallery has-nested-images columns-4 is-cropped wp-block-gallery-1 is-layout-flex wp-block-gallery-is-layout-flex\">\n<figure class=\"wp-block-image size-large\"><a href=\"https:\/\/www.agnussro.eu\/wp-content\/uploads\/2022\/10\/1651770811404-scaled.jpg\"><img fetchpriority=\"high\" decoding=\"async\" width=\"1024\" height=\"573\" data-id=\"1227\" src=\"https:\/\/www.agnussro.eu\/wp-content\/uploads\/2022\/10\/1651770811404-1024x573.jpg\" alt=\"\" class=\"wp-image-1227\" srcset=\"https:\/\/www.agnussro.eu\/wp-content\/uploads\/2022\/10\/1651770811404-1024x573.jpg 1024w, https:\/\/www.agnussro.eu\/wp-content\/uploads\/2022\/10\/1651770811404-300x168.jpg 300w, https:\/\/www.agnussro.eu\/wp-content\/uploads\/2022\/10\/1651770811404-768x430.jpg 768w, https:\/\/www.agnussro.eu\/wp-content\/uploads\/2022\/10\/1651770811404-1600x896.jpg 1600w, https:\/\/www.agnussro.eu\/wp-content\/uploads\/2022\/10\/1651770811404-1536x860.jpg 1536w, https:\/\/www.agnussro.eu\/wp-content\/uploads\/2022\/10\/1651770811404-2048x1147.jpg 2048w\" sizes=\"(max-width: 1024px) 100vw, 1024px\" \/><\/a><\/figure>\n\n\n\n<figure class=\"wp-block-image size-large\"><a href=\"https:\/\/www.agnussro.eu\/wp-content\/uploads\/2022\/10\/1651770811438-scaled.jpg\"><img decoding=\"async\" width=\"1024\" height=\"573\" data-id=\"1219\" src=\"https:\/\/www.agnussro.eu\/wp-content\/uploads\/2022\/10\/1651770811438-1024x573.jpg\" alt=\"\" class=\"wp-image-1219\" srcset=\"https:\/\/www.agnussro.eu\/wp-content\/uploads\/2022\/10\/1651770811438-1024x573.jpg 1024w, https:\/\/www.agnussro.eu\/wp-content\/uploads\/2022\/10\/1651770811438-300x168.jpg 300w, https:\/\/www.agnussro.eu\/wp-content\/uploads\/2022\/10\/1651770811438-768x430.jpg 768w, https:\/\/www.agnussro.eu\/wp-content\/uploads\/2022\/10\/1651770811438-1600x896.jpg 1600w, https:\/\/www.agnussro.eu\/wp-content\/uploads\/2022\/10\/1651770811438-1536x860.jpg 1536w, https:\/\/www.agnussro.eu\/wp-content\/uploads\/2022\/10\/1651770811438-2048x1147.jpg 2048w\" sizes=\"(max-width: 1024px) 100vw, 1024px\" \/><\/a><\/figure>\n\n\n\n<figure class=\"wp-block-image size-large\"><a href=\"https:\/\/www.agnussro.eu\/wp-content\/uploads\/2022\/10\/1651770811450-scaled.jpg\"><img decoding=\"async\" width=\"1024\" height=\"573\" data-id=\"1225\" src=\"https:\/\/www.agnussro.eu\/wp-content\/uploads\/2022\/10\/1651770811450-1024x573.jpg\" alt=\"\" class=\"wp-image-1225\" srcset=\"https:\/\/www.agnussro.eu\/wp-content\/uploads\/2022\/10\/1651770811450-1024x573.jpg 1024w, https:\/\/www.agnussro.eu\/wp-content\/uploads\/2022\/10\/1651770811450-300x168.jpg 300w, https:\/\/www.agnussro.eu\/wp-content\/uploads\/2022\/10\/1651770811450-768x430.jpg 768w, https:\/\/www.agnussro.eu\/wp-content\/uploads\/2022\/10\/1651770811450-1600x896.jpg 1600w, https:\/\/www.agnussro.eu\/wp-content\/uploads\/2022\/10\/1651770811450-1536x860.jpg 1536w, https:\/\/www.agnussro.eu\/wp-content\/uploads\/2022\/10\/1651770811450-2048x1147.jpg 2048w\" sizes=\"(max-width: 1024px) 100vw, 1024px\" \/><\/a><\/figure>\n\n\n\n<figure class=\"wp-block-image size-large\"><a href=\"https:\/\/www.agnussro.eu\/wp-content\/uploads\/2022\/10\/1651770859269-1024x1024.jpg\"><img loading=\"lazy\" decoding=\"async\" width=\"1024\" height=\"1024\" data-id=\"1211\" src=\"https:\/\/www.agnussro.eu\/wp-content\/uploads\/2022\/10\/1651770859269-1024x1024.jpg\" alt=\"\" class=\"wp-image-1211\" srcset=\"https:\/\/www.agnussro.eu\/wp-content\/uploads\/2022\/10\/1651770859269-1024x1024.jpg 1024w, https:\/\/www.agnussro.eu\/wp-content\/uploads\/2022\/10\/1651770859269-300x300.jpg 300w, https:\/\/www.agnussro.eu\/wp-content\/uploads\/2022\/10\/1651770859269-150x150.jpg 150w, https:\/\/www.agnussro.eu\/wp-content\/uploads\/2022\/10\/1651770859269-768x768.jpg 768w, https:\/\/www.agnussro.eu\/wp-content\/uploads\/2022\/10\/1651770859269-1600x1600.jpg 1600w, https:\/\/www.agnussro.eu\/wp-content\/uploads\/2022\/10\/1651770859269-1536x1536.jpg 1536w, https:\/\/www.agnussro.eu\/wp-content\/uploads\/2022\/10\/1651770859269.jpg 2048w\" sizes=\"(max-width: 1024px) 100vw, 1024px\" \/><\/a><\/figure>\n\n\n\n<figure class=\"wp-block-image size-large\"><a href=\"https:\/\/www.agnussro.eu\/wp-content\/uploads\/2022\/10\/1651770859283-1024x1024.jpg\"><img loading=\"lazy\" decoding=\"async\" width=\"1024\" height=\"1024\" data-id=\"1207\" src=\"https:\/\/www.agnussro.eu\/wp-content\/uploads\/2022\/10\/1651770859283-1024x1024.jpg\" alt=\"\" class=\"wp-image-1207\" srcset=\"https:\/\/www.agnussro.eu\/wp-content\/uploads\/2022\/10\/1651770859283-1024x1024.jpg 1024w, https:\/\/www.agnussro.eu\/wp-content\/uploads\/2022\/10\/1651770859283-300x300.jpg 300w, https:\/\/www.agnussro.eu\/wp-content\/uploads\/2022\/10\/1651770859283-150x150.jpg 150w, https:\/\/www.agnussro.eu\/wp-content\/uploads\/2022\/10\/1651770859283-768x768.jpg 768w, https:\/\/www.agnussro.eu\/wp-content\/uploads\/2022\/10\/1651770859283-1600x1600.jpg 1600w, https:\/\/www.agnussro.eu\/wp-content\/uploads\/2022\/10\/1651770859283-1536x1536.jpg 1536w, https:\/\/www.agnussro.eu\/wp-content\/uploads\/2022\/10\/1651770859283.jpg 2048w\" sizes=\"(max-width: 1024px) 100vw, 1024px\" \/><\/a><\/figure>\n\n\n\n<figure class=\"wp-block-image size-large\"><a href=\"https:\/\/www.agnussro.eu\/wp-content\/uploads\/2022\/10\/1651770892956-1024x1024.jpg\"><img loading=\"lazy\" decoding=\"async\" width=\"1024\" height=\"1024\" data-id=\"1213\" src=\"https:\/\/www.agnussro.eu\/wp-content\/uploads\/2022\/10\/1651770892956-1024x1024.jpg\" alt=\"\" class=\"wp-image-1213\" srcset=\"https:\/\/www.agnussro.eu\/wp-content\/uploads\/2022\/10\/1651770892956-1024x1024.jpg 1024w, https:\/\/www.agnussro.eu\/wp-content\/uploads\/2022\/10\/1651770892956-300x300.jpg 300w, https:\/\/www.agnussro.eu\/wp-content\/uploads\/2022\/10\/1651770892956-150x150.jpg 150w, https:\/\/www.agnussro.eu\/wp-content\/uploads\/2022\/10\/1651770892956-768x768.jpg 768w, https:\/\/www.agnussro.eu\/wp-content\/uploads\/2022\/10\/1651770892956-1600x1600.jpg 1600w, https:\/\/www.agnussro.eu\/wp-content\/uploads\/2022\/10\/1651770892956-1536x1536.jpg 1536w, https:\/\/www.agnussro.eu\/wp-content\/uploads\/2022\/10\/1651770892956.jpg 2048w\" sizes=\"(max-width: 1024px) 100vw, 1024px\" \/><\/a><\/figure>\n\n\n\n<figure class=\"wp-block-image size-large\"><a href=\"https:\/\/www.agnussro.eu\/wp-content\/uploads\/2022\/10\/1651770892971-1024x1024.jpg\"><img loading=\"lazy\" decoding=\"async\" width=\"1024\" height=\"1024\" data-id=\"1209\" src=\"https:\/\/www.agnussro.eu\/wp-content\/uploads\/2022\/10\/1651770892971-1024x1024.jpg\" alt=\"\" class=\"wp-image-1209\" srcset=\"https:\/\/www.agnussro.eu\/wp-content\/uploads\/2022\/10\/1651770892971-1024x1024.jpg 1024w, https:\/\/www.agnussro.eu\/wp-content\/uploads\/2022\/10\/1651770892971-300x300.jpg 300w, https:\/\/www.agnussro.eu\/wp-content\/uploads\/2022\/10\/1651770892971-150x150.jpg 150w, https:\/\/www.agnussro.eu\/wp-content\/uploads\/2022\/10\/1651770892971-768x768.jpg 768w, https:\/\/www.agnussro.eu\/wp-content\/uploads\/2022\/10\/1651770892971-1600x1600.jpg 1600w, https:\/\/www.agnussro.eu\/wp-content\/uploads\/2022\/10\/1651770892971-1536x1536.jpg 1536w, https:\/\/www.agnussro.eu\/wp-content\/uploads\/2022\/10\/1651770892971.jpg 2048w\" sizes=\"(max-width: 1024px) 100vw, 1024px\" \/><\/a><\/figure>\n\n\n\n<figure class=\"wp-block-image size-large\"><a href=\"https:\/\/www.agnussro.eu\/wp-content\/uploads\/2022\/10\/1651770893001-1024x1024.jpg\"><img loading=\"lazy\" decoding=\"async\" width=\"1024\" height=\"1024\" data-id=\"1215\" src=\"https:\/\/www.agnussro.eu\/wp-content\/uploads\/2022\/10\/1651770893001-1024x1024.jpg\" alt=\"\" class=\"wp-image-1215\" srcset=\"https:\/\/www.agnussro.eu\/wp-content\/uploads\/2022\/10\/1651770893001-1024x1024.jpg 1024w, https:\/\/www.agnussro.eu\/wp-content\/uploads\/2022\/10\/1651770893001-300x300.jpg 300w, https:\/\/www.agnussro.eu\/wp-content\/uploads\/2022\/10\/1651770893001-150x150.jpg 150w, https:\/\/www.agnussro.eu\/wp-content\/uploads\/2022\/10\/1651770893001-768x768.jpg 768w, https:\/\/www.agnussro.eu\/wp-content\/uploads\/2022\/10\/1651770893001-1600x1600.jpg 1600w, https:\/\/www.agnussro.eu\/wp-content\/uploads\/2022\/10\/1651770893001-1536x1536.jpg 1536w, https:\/\/www.agnussro.eu\/wp-content\/uploads\/2022\/10\/1651770893001.jpg 2048w\" sizes=\"(max-width: 1024px) 100vw, 1024px\" \/><\/a><\/figure>\n\n\n\n<figure class=\"wp-block-image size-large is-style-default\"><a href=\"https:\/\/www.agnussro.eu\/wp-content\/uploads\/2022\/10\/1651771004780-scaled.jpg\"><img loading=\"lazy\" decoding=\"async\" width=\"1024\" height=\"473\" data-id=\"1221\" src=\"https:\/\/www.agnussro.eu\/wp-content\/uploads\/2022\/10\/1651771004780-1024x473.jpg\" alt=\"\" class=\"wp-image-1221\" srcset=\"https:\/\/www.agnussro.eu\/wp-content\/uploads\/2022\/10\/1651771004780-1024x473.jpg 1024w, https:\/\/www.agnussro.eu\/wp-content\/uploads\/2022\/10\/1651771004780-300x139.jpg 300w, https:\/\/www.agnussro.eu\/wp-content\/uploads\/2022\/10\/1651771004780-768x355.jpg 768w, https:\/\/www.agnussro.eu\/wp-content\/uploads\/2022\/10\/1651771004780-1600x739.jpg 1600w, https:\/\/www.agnussro.eu\/wp-content\/uploads\/2022\/10\/1651771004780-1536x709.jpg 1536w, https:\/\/www.agnussro.eu\/wp-content\/uploads\/2022\/10\/1651771004780-2048x946.jpg 2048w\" sizes=\"(max-width: 1024px) 100vw, 1024px\" \/><\/a><\/figure>\n\n\n\n<figure class=\"wp-block-image size-large\"><a href=\"https:\/\/www.agnussro.eu\/wp-content\/uploads\/2022\/10\/1651771004805-scaled.jpg\"><img loading=\"lazy\" decoding=\"async\" width=\"473\" height=\"1024\" data-id=\"1217\" src=\"https:\/\/www.agnussro.eu\/wp-content\/uploads\/2022\/10\/1651771004805-473x1024.jpg\" alt=\"\" class=\"wp-image-1217\" srcset=\"https:\/\/www.agnussro.eu\/wp-content\/uploads\/2022\/10\/1651771004805-473x1024.jpg 473w, https:\/\/www.agnussro.eu\/wp-content\/uploads\/2022\/10\/1651771004805-139x300.jpg 139w, https:\/\/www.agnussro.eu\/wp-content\/uploads\/2022\/10\/1651771004805-768x1663.jpg 768w, https:\/\/www.agnussro.eu\/wp-content\/uploads\/2022\/10\/1651771004805-1600x3464.jpg 1600w, https:\/\/www.agnussro.eu\/wp-content\/uploads\/2022\/10\/1651771004805-709x1536.jpg 709w, https:\/\/www.agnussro.eu\/wp-content\/uploads\/2022\/10\/1651771004805-946x2048.jpg 946w, https:\/\/www.agnussro.eu\/wp-content\/uploads\/2022\/10\/1651771004805-scaled.jpg 1182w\" sizes=\"(max-width: 473px) 100vw, 473px\" \/><\/a><\/figure>\n\n\n\n<figure class=\"wp-block-image size-large\"><a href=\"https:\/\/www.agnussro.eu\/wp-content\/uploads\/2022\/10\/1651770811417-scaled.jpg\"><img loading=\"lazy\" decoding=\"async\" width=\"573\" height=\"1024\" data-id=\"1223\" src=\"https:\/\/www.agnussro.eu\/wp-content\/uploads\/2022\/10\/1651770811417-573x1024.jpg\" alt=\"\" class=\"wp-image-1223\" srcset=\"https:\/\/www.agnussro.eu\/wp-content\/uploads\/2022\/10\/1651770811417-573x1024.jpg 573w, https:\/\/www.agnussro.eu\/wp-content\/uploads\/2022\/10\/1651770811417-168x300.jpg 168w, https:\/\/www.agnussro.eu\/wp-content\/uploads\/2022\/10\/1651770811417-768x1371.jpg 768w, https:\/\/www.agnussro.eu\/wp-content\/uploads\/2022\/10\/1651770811417-1600x2857.jpg 1600w, https:\/\/www.agnussro.eu\/wp-content\/uploads\/2022\/10\/1651770811417-860x1536.jpg 860w, https:\/\/www.agnussro.eu\/wp-content\/uploads\/2022\/10\/1651770811417-1147x2048.jpg 1147w, https:\/\/www.agnussro.eu\/wp-content\/uploads\/2022\/10\/1651770811417-scaled.jpg 1434w\" sizes=\"(max-width: 573px) 100vw, 573px\" \/><\/a><\/figure>\n<\/figure>\n","protected":false},"excerpt":{"rendered":"<p>Unser Unternehmen besch\u00e4ftigt sich mit Montage, Demontage und \u00c4nderung verschiedener Produktionslinien in verschiedenen Industriebereichen. Ebenso realisieren wir planm\u00e4\u00dfig Arbeiten auf &#8230; <\/p>\n<p class=\"read-more-container\"><a title=\"Mechanische Dienstleistungen\" class=\"read-more button\" href=\"https:\/\/www.agnussro.eu\/de\/technische-dienstleistungen\/#more-143\" aria-label=\"Mehr Informationen \u00fcber Mechanische Dienstleistungen\">Read more<\/a><\/p>\n","protected":false},"author":1,"featured_media":0,"parent":0,"menu_order":0,"comment_status":"closed","ping_status":"closed","template":"","meta":{"_exactmetrics_skip_tracking":false,"_exactmetrics_sitenote_active":false,"_exactmetrics_sitenote_note":"","_exactmetrics_sitenote_category":0,"footnotes":""},"class_list":{"0":"post-143","1":"page","2":"type-page","3":"status-publish","5":"no-featured-image-padding"},"aioseo_notices":[],"_links":{"self":[{"href":"https:\/\/www.agnussro.eu\/de\/wp-json\/wp\/v2\/pages\/143"}],"collection":[{"href":"https:\/\/www.agnussro.eu\/de\/wp-json\/wp\/v2\/pages"}],"about":[{"href":"https:\/\/www.agnussro.eu\/de\/wp-json\/wp\/v2\/types\/page"}],"author":[{"embeddable":true,"href":"https:\/\/www.agnussro.eu\/de\/wp-json\/wp\/v2\/users\/1"}],"replies":[{"embeddable":true,"href":"https:\/\/www.agnussro.eu\/de\/wp-json\/wp\/v2\/comments?post=143"}],"version-history":[{"count":10,"href":"https:\/\/www.agnussro.eu\/de\/wp-json\/wp\/v2\/pages\/143\/revisions"}],"predecessor-version":[{"id":1368,"href":"https:\/\/www.agnussro.eu\/de\/wp-json\/wp\/v2\/pages\/143\/revisions\/1368"}],"wp:attachment":[{"href":"https:\/\/www.agnussro.eu\/de\/wp-json\/wp\/v2\/media?parent=143"}],"curies":[{"name":"wp","href":"https:\/\/api.w.org\/{rel}","templated":true}]}}