{"id":146,"date":"2019-07-17T23:51:47","date_gmt":"2019-07-17T21:51:47","guid":{"rendered":"https:\/\/rpindustrieservice.com\/?page_id=146"},"modified":"2022-11-01T13:15:08","modified_gmt":"2022-11-01T12:15:08","slug":"dienstleistungen-im-elektrobereich","status":"publish","type":"page","link":"https:\/\/www.agnussro.eu\/de\/dienstleistungen-im-elektrobereich\/","title":{"rendered":"Elektrische Dienstleistungen"},"content":{"rendered":"\n<p>Elektromontagen und Wohnungselektroinstallationen verschiedener Arten geh\u00f6ren zu den Bereichen, in denen wir Spezialarbeiten, wie auch komplexe Arbeiten, die unsere Kunden beauftragen, durchf\u00fchren k\u00f6nnen, da jeder unser elektrotechnischer Facharbeiter \u00fcber erforderliche fachliche Zertifikate, Schulungen und F\u00e4higkeiten verf\u00fcgt.<\/p>\n\n\n\n<ul class=\"wp-block-list\"><li>Industrielle Elektroinstallationen\n<\/li><li>Verkabelung\nund Ausbauarbeiten<\/li><li>VDE\nPr\u00fcfungen<\/li><li>Maschinenpr\u00fcfungen<\/li><\/ul>\n\n\n\n<figure class=\"wp-block-gallery has-nested-images columns-6 wp-block-gallery-1 is-layout-flex wp-block-gallery-is-layout-flex\">\n<figure class=\"wp-block-image size-large\"><a href=\"https:\/\/www.agnussro.eu\/wp-content\/uploads\/2022\/10\/1651942108081-scaled.jpg\"><img fetchpriority=\"high\" decoding=\"async\" width=\"573\" height=\"1024\" data-id=\"1245\" src=\"https:\/\/www.agnussro.eu\/wp-content\/uploads\/2022\/10\/1651942108081-573x1024.jpg\" alt=\"\" class=\"wp-image-1245\" srcset=\"https:\/\/www.agnussro.eu\/wp-content\/uploads\/2022\/10\/1651942108081-573x1024.jpg 573w, https:\/\/www.agnussro.eu\/wp-content\/uploads\/2022\/10\/1651942108081-168x300.jpg 168w, https:\/\/www.agnussro.eu\/wp-content\/uploads\/2022\/10\/1651942108081-768x1371.jpg 768w, https:\/\/www.agnussro.eu\/wp-content\/uploads\/2022\/10\/1651942108081-1600x2857.jpg 1600w, https:\/\/www.agnussro.eu\/wp-content\/uploads\/2022\/10\/1651942108081-860x1536.jpg 860w, https:\/\/www.agnussro.eu\/wp-content\/uploads\/2022\/10\/1651942108081-1147x2048.jpg 1147w, https:\/\/www.agnussro.eu\/wp-content\/uploads\/2022\/10\/1651942108081-scaled.jpg 1434w\" sizes=\"(max-width: 573px) 100vw, 573px\" \/><\/a><\/figure>\n\n\n\n<figure class=\"wp-block-image size-large\"><a href=\"https:\/\/www.agnussro.eu\/wp-content\/uploads\/2022\/10\/1651942108092-scaled.jpg\"><img decoding=\"async\" width=\"573\" height=\"1024\" data-id=\"1241\" src=\"https:\/\/www.agnussro.eu\/wp-content\/uploads\/2022\/10\/1651942108092-573x1024.jpg\" alt=\"\" class=\"wp-image-1241\" srcset=\"https:\/\/www.agnussro.eu\/wp-content\/uploads\/2022\/10\/1651942108092-573x1024.jpg 573w, https:\/\/www.agnussro.eu\/wp-content\/uploads\/2022\/10\/1651942108092-168x300.jpg 168w, https:\/\/www.agnussro.eu\/wp-content\/uploads\/2022\/10\/1651942108092-768x1371.jpg 768w, https:\/\/www.agnussro.eu\/wp-content\/uploads\/2022\/10\/1651942108092-1600x2857.jpg 1600w, https:\/\/www.agnussro.eu\/wp-content\/uploads\/2022\/10\/1651942108092-860x1536.jpg 860w, https:\/\/www.agnussro.eu\/wp-content\/uploads\/2022\/10\/1651942108092-1147x2048.jpg 1147w, https:\/\/www.agnussro.eu\/wp-content\/uploads\/2022\/10\/1651942108092-scaled.jpg 1434w\" sizes=\"(max-width: 573px) 100vw, 573px\" \/><\/a><\/figure>\n\n\n\n<figure class=\"wp-block-image size-large\"><a href=\"https:\/\/www.agnussro.eu\/wp-content\/uploads\/2022\/10\/1651942108102-scaled.jpg\"><img decoding=\"async\" width=\"573\" height=\"1024\" data-id=\"1239\" src=\"https:\/\/www.agnussro.eu\/wp-content\/uploads\/2022\/10\/1651942108102-573x1024.jpg\" alt=\"\" class=\"wp-image-1239\" srcset=\"https:\/\/www.agnussro.eu\/wp-content\/uploads\/2022\/10\/1651942108102-573x1024.jpg 573w, https:\/\/www.agnussro.eu\/wp-content\/uploads\/2022\/10\/1651942108102-168x300.jpg 168w, https:\/\/www.agnussro.eu\/wp-content\/uploads\/2022\/10\/1651942108102-768x1371.jpg 768w, https:\/\/www.agnussro.eu\/wp-content\/uploads\/2022\/10\/1651942108102-1600x2857.jpg 1600w, https:\/\/www.agnussro.eu\/wp-content\/uploads\/2022\/10\/1651942108102-860x1536.jpg 860w, https:\/\/www.agnussro.eu\/wp-content\/uploads\/2022\/10\/1651942108102-1147x2048.jpg 1147w, https:\/\/www.agnussro.eu\/wp-content\/uploads\/2022\/10\/1651942108102-scaled.jpg 1434w\" sizes=\"(max-width: 573px) 100vw, 573px\" \/><\/a><\/figure>\n\n\n\n<figure class=\"wp-block-image size-large\"><a href=\"https:\/\/www.agnussro.eu\/wp-content\/uploads\/2022\/10\/1651942108113-scaled.jpg\"><img loading=\"lazy\" decoding=\"async\" width=\"573\" height=\"1024\" data-id=\"1246\" src=\"https:\/\/www.agnussro.eu\/wp-content\/uploads\/2022\/10\/1651942108113-573x1024.jpg\" alt=\"\" class=\"wp-image-1246\" srcset=\"https:\/\/www.agnussro.eu\/wp-content\/uploads\/2022\/10\/1651942108113-573x1024.jpg 573w, https:\/\/www.agnussro.eu\/wp-content\/uploads\/2022\/10\/1651942108113-168x300.jpg 168w, https:\/\/www.agnussro.eu\/wp-content\/uploads\/2022\/10\/1651942108113-768x1371.jpg 768w, https:\/\/www.agnussro.eu\/wp-content\/uploads\/2022\/10\/1651942108113-1600x2857.jpg 1600w, https:\/\/www.agnussro.eu\/wp-content\/uploads\/2022\/10\/1651942108113-860x1536.jpg 860w, https:\/\/www.agnussro.eu\/wp-content\/uploads\/2022\/10\/1651942108113-1147x2048.jpg 1147w, https:\/\/www.agnussro.eu\/wp-content\/uploads\/2022\/10\/1651942108113-scaled.jpg 1434w\" sizes=\"(max-width: 573px) 100vw, 573px\" \/><\/a><\/figure>\n\n\n\n<figure class=\"wp-block-image size-large\"><a href=\"https:\/\/www.agnussro.eu\/wp-content\/uploads\/2022\/10\/1651942108123-scaled.jpg\"><img loading=\"lazy\" decoding=\"async\" width=\"573\" height=\"1024\" data-id=\"1243\" src=\"https:\/\/www.agnussro.eu\/wp-content\/uploads\/2022\/10\/1651942108123-573x1024.jpg\" alt=\"\" class=\"wp-image-1243\" srcset=\"https:\/\/www.agnussro.eu\/wp-content\/uploads\/2022\/10\/1651942108123-573x1024.jpg 573w, https:\/\/www.agnussro.eu\/wp-content\/uploads\/2022\/10\/1651942108123-168x300.jpg 168w, https:\/\/www.agnussro.eu\/wp-content\/uploads\/2022\/10\/1651942108123-768x1371.jpg 768w, https:\/\/www.agnussro.eu\/wp-content\/uploads\/2022\/10\/1651942108123-1600x2857.jpg 1600w, https:\/\/www.agnussro.eu\/wp-content\/uploads\/2022\/10\/1651942108123-860x1536.jpg 860w, https:\/\/www.agnussro.eu\/wp-content\/uploads\/2022\/10\/1651942108123-1147x2048.jpg 1147w, https:\/\/www.agnussro.eu\/wp-content\/uploads\/2022\/10\/1651942108123-scaled.jpg 1434w\" sizes=\"(max-width: 573px) 100vw, 573px\" \/><\/a><\/figure>\n\n\n\n<figure class=\"wp-block-image size-large\"><a href=\"https:\/\/www.agnussro.eu\/wp-content\/uploads\/2022\/10\/1651942108133-scaled.jpg\"><img loading=\"lazy\" decoding=\"async\" width=\"573\" height=\"1024\" data-id=\"1248\" src=\"https:\/\/www.agnussro.eu\/wp-content\/uploads\/2022\/10\/1651942108133-573x1024.jpg\" alt=\"\" class=\"wp-image-1248\" srcset=\"https:\/\/www.agnussro.eu\/wp-content\/uploads\/2022\/10\/1651942108133-573x1024.jpg 573w, https:\/\/www.agnussro.eu\/wp-content\/uploads\/2022\/10\/1651942108133-168x300.jpg 168w, https:\/\/www.agnussro.eu\/wp-content\/uploads\/2022\/10\/1651942108133-768x1371.jpg 768w, https:\/\/www.agnussro.eu\/wp-content\/uploads\/2022\/10\/1651942108133-1600x2857.jpg 1600w, https:\/\/www.agnussro.eu\/wp-content\/uploads\/2022\/10\/1651942108133-860x1536.jpg 860w, https:\/\/www.agnussro.eu\/wp-content\/uploads\/2022\/10\/1651942108133-1147x2048.jpg 1147w, https:\/\/www.agnussro.eu\/wp-content\/uploads\/2022\/10\/1651942108133-scaled.jpg 1434w\" sizes=\"(max-width: 573px) 100vw, 573px\" \/><\/a><\/figure>\n<\/figure>\n","protected":false},"excerpt":{"rendered":"<p>Elektromontagen und Wohnungselektroinstallationen verschiedener Arten geh\u00f6ren zu den Bereichen, in denen wir Spezialarbeiten, wie auch komplexe Arbeiten, die unsere Kunden &#8230; <\/p>\n<p class=\"read-more-container\"><a title=\"Elektrische Dienstleistungen\" class=\"read-more button\" href=\"https:\/\/www.agnussro.eu\/de\/dienstleistungen-im-elektrobereich\/#more-146\" aria-label=\"Mehr Informationen \u00fcber Elektrische Dienstleistungen\">Read more<\/a><\/p>\n","protected":false},"author":1,"featured_media":0,"parent":0,"menu_order":0,"comment_status":"closed","ping_status":"closed","template":"","meta":{"_exactmetrics_skip_tracking":false,"_exactmetrics_sitenote_active":false,"_exactmetrics_sitenote_note":"","_exactmetrics_sitenote_category":0,"footnotes":""},"class_list":{"0":"post-146","1":"page","2":"type-page","3":"status-publish","5":"no-featured-image-padding"},"aioseo_notices":[],"_links":{"self":[{"href":"https:\/\/www.agnussro.eu\/de\/wp-json\/wp\/v2\/pages\/146"}],"collection":[{"href":"https:\/\/www.agnussro.eu\/de\/wp-json\/wp\/v2\/pages"}],"about":[{"href":"https:\/\/www.agnussro.eu\/de\/wp-json\/wp\/v2\/types\/page"}],"author":[{"embeddable":true,"href":"https:\/\/www.agnussro.eu\/de\/wp-json\/wp\/v2\/users\/1"}],"replies":[{"embeddable":true,"href":"https:\/\/www.agnussro.eu\/de\/wp-json\/wp\/v2\/comments?post=146"}],"version-history":[{"count":9,"href":"https:\/\/www.agnussro.eu\/de\/wp-json\/wp\/v2\/pages\/146\/revisions"}],"predecessor-version":[{"id":1359,"href":"https:\/\/www.agnussro.eu\/de\/wp-json\/wp\/v2\/pages\/146\/revisions\/1359"}],"wp:attachment":[{"href":"https:\/\/www.agnussro.eu\/de\/wp-json\/wp\/v2\/media?parent=146"}],"curies":[{"name":"wp","href":"https:\/\/api.w.org\/{rel}","templated":true}]}}