{"id":994,"date":"2022-04-24T18:59:52","date_gmt":"2022-04-24T16:59:52","guid":{"rendered":"https:\/\/www.agnussro.eu\/?page_id=994"},"modified":"2022-11-01T13:11:52","modified_gmt":"2022-11-01T12:11:52","slug":"heizungs-und-sanitaerarbeiten","status":"publish","type":"page","link":"https:\/\/www.agnussro.eu\/de\/heizungs-und-sanitaerarbeiten\/","title":{"rendered":"Heizung und Sanit\u00e4r"},"content":{"rendered":"\n<p>Wir bieten Arbeiten in Verbindung mit Wasser-, Heizungs- und Sanit\u00e4rinstallationen an. Installationsarbeiten realisieren wir in Neubauten, Familienh\u00e4usern, Wohnungen, Industrie- und B\u00fcrogeb\u00e4uden. Wir widmen uns Ausf\u00fchrungen der Sanit\u00e4rtechnik. Innen- und Au\u00dfenleitungen f\u00fcr Wasser und Kanalisation. Montage von Fu\u00dfboden- und Zentralheizung. Montage von Pumpen, Thermen sowie von Waschbecken, Wannen, Duschen und Pissoirs. Unsere Mitarbeiter sind bereit, jeden Kundenauftrag zu erf\u00fcllen.<\/p>\n\n\n\n<figure class=\"wp-block-gallery has-nested-images columns-5 is-cropped wp-block-gallery-1 is-layout-flex wp-block-gallery-is-layout-flex\">\n<figure class=\"wp-block-image size-full\"><img fetchpriority=\"high\" decoding=\"async\" width=\"1023\" height=\"722\" data-id=\"1264\" src=\"https:\/\/www.agnussro.eu\/wp-content\/uploads\/2022\/10\/2.jpg\" alt=\"\" class=\"wp-image-1264\" srcset=\"https:\/\/www.agnussro.eu\/wp-content\/uploads\/2022\/10\/2.jpg 1023w, https:\/\/www.agnussro.eu\/wp-content\/uploads\/2022\/10\/2-300x212.jpg 300w, https:\/\/www.agnussro.eu\/wp-content\/uploads\/2022\/10\/2-768x542.jpg 768w\" sizes=\"(max-width: 1023px) 100vw, 1023px\" \/><\/figure>\n\n\n\n<figure class=\"wp-block-image size-full\"><img decoding=\"async\" width=\"500\" height=\"375\" data-id=\"1255\" src=\"https:\/\/www.agnussro.eu\/wp-content\/uploads\/2022\/10\/4.jpg\" alt=\"\" class=\"wp-image-1255\" srcset=\"https:\/\/www.agnussro.eu\/wp-content\/uploads\/2022\/10\/4.jpg 500w, https:\/\/www.agnussro.eu\/wp-content\/uploads\/2022\/10\/4-300x225.jpg 300w\" sizes=\"(max-width: 500px) 100vw, 500px\" \/><\/figure>\n\n\n\n<figure class=\"wp-block-image size-full\"><img decoding=\"async\" width=\"500\" height=\"375\" data-id=\"1258\" src=\"https:\/\/www.agnussro.eu\/wp-content\/uploads\/2022\/10\/5.jpg\" alt=\"\" class=\"wp-image-1258\" srcset=\"https:\/\/www.agnussro.eu\/wp-content\/uploads\/2022\/10\/5.jpg 500w, https:\/\/www.agnussro.eu\/wp-content\/uploads\/2022\/10\/5-300x225.jpg 300w\" sizes=\"(max-width: 500px) 100vw, 500px\" \/><\/figure>\n\n\n\n<figure class=\"wp-block-image size-full\"><img loading=\"lazy\" decoding=\"async\" width=\"500\" height=\"375\" data-id=\"1260\" src=\"https:\/\/www.agnussro.eu\/wp-content\/uploads\/2022\/10\/6.jpg\" alt=\"\" class=\"wp-image-1260\" srcset=\"https:\/\/www.agnussro.eu\/wp-content\/uploads\/2022\/10\/6.jpg 500w, https:\/\/www.agnussro.eu\/wp-content\/uploads\/2022\/10\/6-300x225.jpg 300w\" sizes=\"(max-width: 500px) 100vw, 500px\" \/><\/figure>\n\n\n\n<figure class=\"wp-block-image size-full\"><img loading=\"lazy\" decoding=\"async\" width=\"600\" height=\"450\" data-id=\"1262\" src=\"https:\/\/www.agnussro.eu\/wp-content\/uploads\/2022\/10\/7.jpg\" alt=\"\" class=\"wp-image-1262\" srcset=\"https:\/\/www.agnussro.eu\/wp-content\/uploads\/2022\/10\/7.jpg 600w, https:\/\/www.agnussro.eu\/wp-content\/uploads\/2022\/10\/7-300x225.jpg 300w\" sizes=\"(max-width: 600px) 100vw, 600px\" \/><\/figure>\n\n\n\n<figure class=\"wp-block-image size-full\"><img loading=\"lazy\" decoding=\"async\" width=\"600\" height=\"450\" data-id=\"1257\" src=\"https:\/\/www.agnussro.eu\/wp-content\/uploads\/2022\/10\/8.jpg\" alt=\"\" class=\"wp-image-1257\" srcset=\"https:\/\/www.agnussro.eu\/wp-content\/uploads\/2022\/10\/8.jpg 600w, https:\/\/www.agnussro.eu\/wp-content\/uploads\/2022\/10\/8-300x225.jpg 300w\" sizes=\"(max-width: 600px) 100vw, 600px\" \/><\/figure>\n\n\n\n<figure class=\"wp-block-image size-full\"><img loading=\"lazy\" decoding=\"async\" width=\"600\" height=\"560\" data-id=\"1267\" src=\"https:\/\/www.agnussro.eu\/wp-content\/uploads\/2022\/10\/9.jpg\" alt=\"\" class=\"wp-image-1267\" srcset=\"https:\/\/www.agnussro.eu\/wp-content\/uploads\/2022\/10\/9.jpg 600w, https:\/\/www.agnussro.eu\/wp-content\/uploads\/2022\/10\/9-300x280.jpg 300w\" sizes=\"(max-width: 600px) 100vw, 600px\" \/><\/figure>\n\n\n\n<figure class=\"wp-block-image size-large\"><img loading=\"lazy\" decoding=\"async\" width=\"768\" height=\"1024\" data-id=\"1269\" src=\"https:\/\/www.agnussro.eu\/wp-content\/uploads\/2022\/10\/10-768x1024.jpg\" alt=\"\" class=\"wp-image-1269\" srcset=\"https:\/\/www.agnussro.eu\/wp-content\/uploads\/2022\/10\/10-768x1024.jpg 768w, https:\/\/www.agnussro.eu\/wp-content\/uploads\/2022\/10\/10-225x300.jpg 225w, https:\/\/www.agnussro.eu\/wp-content\/uploads\/2022\/10\/10-1152x1536.jpg 1152w, https:\/\/www.agnussro.eu\/wp-content\/uploads\/2022\/10\/10-1536x2048.jpg 1536w, https:\/\/www.agnussro.eu\/wp-content\/uploads\/2022\/10\/10.jpg 1560w\" sizes=\"(max-width: 768px) 100vw, 768px\" \/><\/figure>\n\n\n\n<figure class=\"wp-block-image size-large\"><img loading=\"lazy\" decoding=\"async\" width=\"768\" height=\"1024\" data-id=\"1270\" src=\"https:\/\/www.agnussro.eu\/wp-content\/uploads\/2022\/10\/11-768x1024.jpg\" alt=\"\" class=\"wp-image-1270\" srcset=\"https:\/\/www.agnussro.eu\/wp-content\/uploads\/2022\/10\/11-768x1024.jpg 768w, https:\/\/www.agnussro.eu\/wp-content\/uploads\/2022\/10\/11-225x300.jpg 225w, https:\/\/www.agnussro.eu\/wp-content\/uploads\/2022\/10\/11-1152x1536.jpg 1152w, https:\/\/www.agnussro.eu\/wp-content\/uploads\/2022\/10\/11-1536x2048.jpg 1536w, https:\/\/www.agnussro.eu\/wp-content\/uploads\/2022\/10\/11.jpg 1560w\" sizes=\"(max-width: 768px) 100vw, 768px\" \/><\/figure>\n<\/figure>\n","protected":false},"excerpt":{"rendered":"<p>Wir bieten Arbeiten in Verbindung mit Wasser-, Heizungs- und Sanit\u00e4rinstallationen an. Installationsarbeiten realisieren wir in Neubauten, Familienh\u00e4usern, Wohnungen, Industrie- und &#8230; <\/p>\n<p class=\"read-more-container\"><a title=\"Heizung und Sanit\u00e4r\" class=\"read-more button\" href=\"https:\/\/www.agnussro.eu\/de\/heizungs-und-sanitaerarbeiten\/#more-994\" aria-label=\"Mehr Informationen \u00fcber Heizung und Sanit\u00e4r\">Read more<\/a><\/p>\n","protected":false},"author":1,"featured_media":0,"parent":0,"menu_order":0,"comment_status":"closed","ping_status":"closed","template":"","meta":{"_exactmetrics_skip_tracking":false,"_exactmetrics_sitenote_active":false,"_exactmetrics_sitenote_note":"","_exactmetrics_sitenote_category":0,"footnotes":""},"class_list":{"0":"post-994","1":"page","2":"type-page","3":"status-publish","5":"no-featured-image-padding"},"aioseo_notices":[],"_links":{"self":[{"href":"https:\/\/www.agnussro.eu\/de\/wp-json\/wp\/v2\/pages\/994"}],"collection":[{"href":"https:\/\/www.agnussro.eu\/de\/wp-json\/wp\/v2\/pages"}],"about":[{"href":"https:\/\/www.agnussro.eu\/de\/wp-json\/wp\/v2\/types\/page"}],"author":[{"embeddable":true,"href":"https:\/\/www.agnussro.eu\/de\/wp-json\/wp\/v2\/users\/1"}],"replies":[{"embeddable":true,"href":"https:\/\/www.agnussro.eu\/de\/wp-json\/wp\/v2\/comments?post=994"}],"version-history":[{"count":5,"href":"https:\/\/www.agnussro.eu\/de\/wp-json\/wp\/v2\/pages\/994\/revisions"}],"predecessor-version":[{"id":1353,"href":"https:\/\/www.agnussro.eu\/de\/wp-json\/wp\/v2\/pages\/994\/revisions\/1353"}],"wp:attachment":[{"href":"https:\/\/www.agnussro.eu\/de\/wp-json\/wp\/v2\/media?parent=994"}],"curies":[{"name":"wp","href":"https:\/\/api.w.org\/{rel}","templated":true}]}}